{"id":876,"date":"2024-03-21T09:16:18","date_gmt":"2024-03-21T09:16:18","guid":{"rendered":"https:\/\/asociacioncmysabel.es\/?page_id=876"},"modified":"2025-01-26T18:56:19","modified_gmt":"2025-01-26T17:56:19","slug":"alumni-ugr","status":"publish","type":"page","link":"https:\/\/asociacioncmysabel.es\/index.php\/alumni-ugr\/","title":{"rendered":"Alumni UGR"},"content":{"rendered":"\n<p>Como sab\u00e9is la Asociaci\u00f3n intenta fomentar la amistad y camarader\u00eda entre antiguos Colegiales al tiempo que fomenta y patrocina distintas actividades: Encuentros, Premios a Colegiales, edici\u00f3n de Papeles Universitarios, etc. Para estas actividades usamos el dinero recaudado por las cuotas de asociados\/as.<\/p>\n\n\n\n<p>No obstante queremos acometer proyectos m\u00e1s ambiciosos sin subir las cuotas a los socios. Una de las formas de financiar estos proyectos mediante subvenci\u00f3n, o participar en los que ya tiene en marcha la Universidad de Granada, es que m\u00e1s del 80 % nuestros socios est\u00e9n inscritos en el programa \u00abAlumni\u00bb. De esta manera la asociaci\u00f3n tambi\u00e9n se convierte en \u00abAlumni\u00bb.<\/p>\n\n\n\n<p>El programa tiene <a href=\"https:\/\/alumni.ugr.es\/perfiles-alumni-ugr\/\" data-type=\"link\" data-id=\"https:\/\/alumni.ugr.es\/perfiles-alumni-ugr\/\">varios perfiles<\/a>.<\/p>\n\n\n\n<ul class=\"wp-block-list\">\n<li>Para titulados el perfil es \u00abalumni UGR\u00bb<\/li>\n\n\n\n<li>Para antiguos estudiantes sin titular el perfil es \u00abAmigo UGR2<\/li>\n\n\n\n<li>Para estudiantes de intercambios el perfil es \u00abAlumni Mundi\u00bb<\/li>\n<\/ul>\n\n\n\n<p>Todos estos perfiles son gratuitos, aunque tambi\u00e9n es posible darse de alta en perfiles de pago <\/p>\n\n\n\n<p>Para darse de alta hay que ingresar en la web: https:\/\/alumni.ugr.es\/<br><\/p>\n\n\n\n<p>A continuaci\u00f3n pincha en Acceso identificado (INICIA SESI\u00d3N O REG\u00cdSTRATE)<\/p>\n\n\n\n<figure class=\"wp-block-image size-full is-resized\"><img fetchpriority=\"high\" decoding=\"async\" width=\"351\" height=\"441\" src=\"https:\/\/asociacioncmysabel.es\/wp-content\/uploads\/2024\/03\/image.png\" alt=\"\" class=\"wp-image-877\" style=\"width:178px;height:auto\" srcset=\"https:\/\/asociacioncmysabel.es\/wp-content\/uploads\/2024\/03\/image.png 351w, https:\/\/asociacioncmysabel.es\/wp-content\/uploads\/2024\/03\/image-239x300.png 239w\" sizes=\"(max-width: 351px) 100vw, 351px\" \/><\/figure>\n\n\n\n<p>Tras pinchar en el bot\u00f3n, saldr\u00e1 una pantalla donde nos ir\u00e1 pidiendo datos<\/p>\n\n\n\n<figure class=\"wp-block-image size-full is-resized\"><img decoding=\"async\" width=\"452\" height=\"761\" src=\"https:\/\/asociacioncmysabel.es\/wp-content\/uploads\/2024\/03\/image-1.png\" alt=\"\" class=\"wp-image-878\" style=\"width:272px;height:auto\" srcset=\"https:\/\/asociacioncmysabel.es\/wp-content\/uploads\/2024\/03\/image-1.png 452w, https:\/\/asociacioncmysabel.es\/wp-content\/uploads\/2024\/03\/image-1-178x300.png 178w\" sizes=\"(max-width: 452px) 100vw, 452px\" \/><\/figure>\n\n\n\n<p>Escribe tu n\u00famero de DNI con letra incluida. Clica el cuadro de \u201cEstoy conforme con las condiciones legales de protecci\u00f3n de datos y dale a \u201cContinuar\u201d<br><\/p>\n\n\n\n<p>Si te da acceso ve rellenando los campos que te vaya pidiendo el sistema: Nombre y apellidos, correo electr\u00f3nico, titulaci\u00f3n, a\u00f1o de finalizaci\u00f3n de estudios.<\/p>\n\n\n\n<p>Puede ocurrir que el sistema diga que no reconoce tus datos, sobre todo para alumnos sin pasaporte espa\u00f1ol. En dicho caso hay que escribir un correo a la direcci\u00f3n direccionalumni@ugr.es y adjuntar una copia digital t\u00edtulo y del DNI.<br>En esa misma direcci\u00f3n se pueden consultar problemas con la aplicaci\u00f3n, o el alta.<br><\/p>\n","protected":false},"excerpt":{"rendered":"<p>Como sab\u00e9is la Asociaci\u00f3n intenta fomentar la amistad y camarader\u00eda entre antiguos Colegiales al tiempo que fomenta y patrocina distintas actividades: Encuentros, Premios a Colegiales, edici\u00f3n de Papeles Universitarios, etc. Para estas actividades usamos el dinero recaudado por las cuotas &hellip; <\/p>\n","protected":false},"author":1,"featured_media":0,"parent":0,"menu_order":3,"comment_status":"closed","ping_status":"closed","template":"","meta":{"_bbp_topic_count":0,"_bbp_reply_count":0,"_bbp_total_topic_count":0,"_bbp_total_reply_count":0,"_bbp_voice_count":0,"_bbp_anonymous_reply_count":0,"_bbp_topic_count_hidden":0,"_bbp_reply_count_hidden":0,"_bbp_forum_subforum_count":0,"ngg_post_thumbnail":0,"footnotes":""},"class_list":["post-876","page","type-page","status-publish","hentry"],"aioseo_notices":[],"_links":{"self":[{"href":"https:\/\/asociacioncmysabel.es\/index.php\/wp-json\/wp\/v2\/pages\/876","targetHints":{"allow":["GET"]}}],"collection":[{"href":"https:\/\/asociacioncmysabel.es\/index.php\/wp-json\/wp\/v2\/pages"}],"about":[{"href":"https:\/\/asociacioncmysabel.es\/index.php\/wp-json\/wp\/v2\/types\/page"}],"author":[{"embeddable":true,"href":"https:\/\/asociacioncmysabel.es\/index.php\/wp-json\/wp\/v2\/users\/1"}],"replies":[{"embeddable":true,"href":"https:\/\/asociacioncmysabel.es\/index.php\/wp-json\/wp\/v2\/comments?post=876"}],"version-history":[{"count":1,"href":"https:\/\/asociacioncmysabel.es\/index.php\/wp-json\/wp\/v2\/pages\/876\/revisions"}],"predecessor-version":[{"id":879,"href":"https:\/\/asociacioncmysabel.es\/index.php\/wp-json\/wp\/v2\/pages\/876\/revisions\/879"}],"wp:attachment":[{"href":"https:\/\/asociacioncmysabel.es\/index.php\/wp-json\/wp\/v2\/media?parent=876"}],"curies":[{"name":"wp","href":"https:\/\/api.w.org\/{rel}","templated":true}]}}