{"id":579,"date":"2023-04-22T17:30:58","date_gmt":"2023-04-22T17:30:58","guid":{"rendered":"https:\/\/asociacioncmysabel.es\/?page_id=579"},"modified":"2025-10-21T18:47:54","modified_gmt":"2025-10-21T17:47:54","slug":"revistas","status":"publish","type":"page","link":"https:\/\/asociacioncmysabel.es\/index.php\/revistas\/","title":{"rendered":"Revista &#8216;Papeles Universitarios&#8217;"},"content":{"rendered":"\n\n\n\n<p>Desde los primeros estatutos de la Asociaci\u00f3n de Antiguos Colegiales se tuvo claro la necesidad de contar con un medio de comunicaci\u00f3n escrito, en tiempos donde no exist\u00eda la web. Este medio fue \u00abPapeles Universitarios\u00bb cuyo primer n\u00famero se public\u00f3 en 1961 y que, de manera reiterada se ha ido rescatando.<\/p>\n\n\n\n<p>La \u00faltima \u00e9poca de esta revista comenz\u00f3 en 2022 y se anima a todos los colegiales y antiguos colegiales a colaborar y remitir textos para su publicaci\u00f3n.<\/p>\n\n\n\n<p>Pod\u00e9is mandar colaboraciones para el pr\u00f3ximo n\u00famero a papelesuniversitarios1952@gmail.com<\/p>\n\n\n\n<p><a href=\"https:\/\/asociacioncmysabel.es\/wp-content\/uploads\/2025\/10\/PAPELES-UNIVERSITARIOS_scy25.pdf\" target=\"_blank\" rel=\"noopener nofollow\" title=\"\">Revista Junio 2025<\/a><\/p>\n\n\n\n<p><a href=\"https:\/\/asociacioncmysabel.es\/wp-content\/uploads\/2025\/04\/PAPELES-UNIVERSITARIOS-MARZO25.pdf\" target=\"_blank\" rel=\"noopener nofollow\" title=\"\">Revista Marzo 2025<\/a><\/p>\n\n\n\n<p><a href=\"https:\/\/asociacioncmysabel.es\/wp-content\/uploads\/2024\/11\/Papeles-universitarios-nov-24.pdf\" target=\"_blank\" rel=\"noopener nofollow sponsored ugc\" title=\"Revista Noviembre-2024\">Revista Noviembre-2024<\/a><\/p>\n\n\n\n<p><a href=\"https:\/\/asociacioncmysabel.es\/wp-content\/uploads\/2024\/05\/PAPELES-UNIVERSITARIOS-mayo-2024.pdf\">Revista Mayo-2024<\/a><\/p>\n\n\n\n<p><a href=\"https:\/\/asociacioncmysabel.es\/wp-content\/uploads\/2024\/01\/Papeles-universitarios-Enero-2024.pdf\">Revista Enero-2024<\/a><\/p>\n\n\n\n<p><a href=\"https:\/\/asociacioncmysabel.es\/wp-content\/uploads\/2023\/06\/revista70aniversario.pdf\">Edici\u00f3n especial 70 ANIVERSARIO (2022)<\/a><\/p>\n\n\n\n<p><a href=\"https:\/\/asociacioncmysabel.es\/wp-content\/uploads\/2024\/02\/PU-1999-completo.pdf\" data-type=\"link\" data-id=\"https:\/\/asociacioncmysabel.es\/wp-content\/uploads\/2024\/02\/PU-1999-completo.pdf\" target=\"_blank\" rel=\"noreferrer noopener\">Revista Papeles Universitarios 1999<\/a><\/p>\n\n\n\n<p><a href=\"https:\/\/asociacioncmysabel.es\/wp-content\/uploads\/2024\/12\/PU-1984.pdf\" target=\"_blank\" rel=\"noopener nofollow\" title=\"\">Revista Papeles Universitarios 1984<\/a><\/p>\n\n\n\n<p><a href=\"https:\/\/asociacioncmysabel.es\/wp-content\/uploads\/2025\/05\/Papeles-Universitarios-7-mayo-1966.pdf\" target=\"_blank\" rel=\"noopener nofollow\" title=\"\">N\u00famero 7 mayo 1966<\/a><\/p>\n\n\n\n<p><a href=\"https:\/\/asociacioncmysabel.es\/wp-content\/uploads\/2025\/05\/Papeles-Universitarios-4-enero-1962.pdf\" target=\"_blank\" rel=\"noopener nofollow\" title=\"\">N\u00famero 4 Enero 1962<\/a><\/p>\n\n\n\n<p><a href=\"https:\/\/asociacioncmysabel.es\/wp-content\/uploads\/2024\/11\/PU-mayo-1961-procesado.pdf\" target=\"_blank\" rel=\"noopener nofollow\" title=\"\">N\u00famero 2-3 Mayo 1961<\/a><\/p>\n\n\n\n<p><a href=\"https:\/\/asociacioncmysabel.es\/wp-content\/uploads\/2023\/10\/Papeles-Universitarios-Marzo-1961.pdf\" target=\"_blank\" rel=\"noopener nofollow\" title=\"\">N\u00famero 1 Marzo 1961 <\/a><\/p>\n\n\n\n<p><\/p>\n","protected":false},"excerpt":{"rendered":"<p>Desde los primeros estatutos de la Asociaci\u00f3n de Antiguos Colegiales se tuvo claro la necesidad de contar con un medio de comunicaci\u00f3n escrito, en tiempos donde no exist\u00eda la web. Este medio fue \u00abPapeles Universitarios\u00bb cuyo primer n\u00famero se public\u00f3 &hellip; <\/p>\n","protected":false},"author":1,"featured_media":0,"parent":0,"menu_order":3,"comment_status":"closed","ping_status":"closed","template":"","meta":{"_bbp_topic_count":0,"_bbp_reply_count":0,"_bbp_total_topic_count":0,"_bbp_total_reply_count":0,"_bbp_voice_count":0,"_bbp_anonymous_reply_count":0,"_bbp_topic_count_hidden":0,"_bbp_reply_count_hidden":0,"_bbp_forum_subforum_count":0,"ngg_post_thumbnail":0,"footnotes":""},"class_list":["post-579","page","type-page","status-publish","hentry"],"aioseo_notices":[],"_links":{"self":[{"href":"https:\/\/asociacioncmysabel.es\/index.php\/wp-json\/wp\/v2\/pages\/579","targetHints":{"allow":["GET"]}}],"collection":[{"href":"https:\/\/asociacioncmysabel.es\/index.php\/wp-json\/wp\/v2\/pages"}],"about":[{"href":"https:\/\/asociacioncmysabel.es\/index.php\/wp-json\/wp\/v2\/types\/page"}],"author":[{"embeddable":true,"href":"https:\/\/asociacioncmysabel.es\/index.php\/wp-json\/wp\/v2\/users\/1"}],"replies":[{"embeddable":true,"href":"https:\/\/asociacioncmysabel.es\/index.php\/wp-json\/wp\/v2\/comments?post=579"}],"version-history":[{"count":46,"href":"https:\/\/asociacioncmysabel.es\/index.php\/wp-json\/wp\/v2\/pages\/579\/revisions"}],"predecessor-version":[{"id":1801,"href":"https:\/\/asociacioncmysabel.es\/index.php\/wp-json\/wp\/v2\/pages\/579\/revisions\/1801"}],"wp:attachment":[{"href":"https:\/\/asociacioncmysabel.es\/index.php\/wp-json\/wp\/v2\/media?parent=579"}],"curies":[{"name":"wp","href":"https:\/\/api.w.org\/{rel}","templated":true}]}}