{"id":573,"date":"2023-04-22T17:27:52","date_gmt":"2023-04-22T17:27:52","guid":{"rendered":"https:\/\/asociacioncmysabel.es\/?page_id=573"},"modified":"2026-03-22T21:29:52","modified_gmt":"2026-03-22T20:29:52","slug":"inscribete","status":"publish","type":"page","link":"https:\/\/asociacioncmysabel.es\/index.php\/inscribete\/","title":{"rendered":"Hazte socio"},"content":{"rendered":"\n<h2 class=\"wp-block-heading\">Tipos de cuota<\/h2>\n\n\n\n<ul class=\"wp-block-list\">\n<li>Cuota anual socio de n\u00famero 25 \u20ac &nbsp;<\/li>\n\n\n\n<li>Cuota Asociado (sin voto) 10\u20ac<\/li>\n\n\n\n<li>Cuota colegial 0 \u20ac&nbsp;&nbsp;<\/li>\n<\/ul>\n\n\n\n<h2 class=\"wp-block-heading\">Procedimiento<\/h2>\n\n\n\n<blockquote class=\"wp-block-quote is-layout-flow wp-block-quote-is-layout-flow\">\n<p><\/p>\n<cite><a href=\"https:\/\/asociacioncmysabel.es\/wp-content\/uploads\/2026\/03\/Ficha-Socio-26-1.pdf\" target=\"_blank\" rel=\"noopener nofollow\" title=\"\">Descarga el formulario de inscripci\u00f3n<\/a>, cumplimenta los datos y f\u00edrmalo en las dos p\u00e1ginas. <br>Una vez terminado, env\u00edalo, junto con el justificante de pago, por e-mail a info@asociacioncmysabel.es<\/cite><\/blockquote>\n\n\n\n\n\n\n<p>Tambi\u00e9n se puede cumplimentar el <a href=\"https:\/\/docs.google.com\/forms\/d\/1DLeptFMrC-yGUsi2DBEkphRjBLaieeUX5enGxWdr0lg\/edit?usp=drivesdk\" title=\"\">formulario de asociaci\u00f3n on-line <\/a><\/p>\n\n\n\n<h2 class=\"wp-block-heading\">Formas de pago<\/h2>\n\n\n\n<ul class=\"wp-block-list\">\n<li>Transferencia bancaria a la cuenta IBAN \u00a0ES09 3058 0017 3827 2003 9564<\/li>\n\n\n\n<li>Bizum (consultar antes) a&nbsp;\n<ul class=\"wp-block-list\">\n<li>Emilio Asensio 616320417<\/li>\n\n\n\n<li>Fernando Aguado 655266571 &nbsp;&nbsp; &nbsp; &nbsp; &nbsp; &nbsp; &nbsp; &nbsp; &nbsp; &nbsp; &nbsp; &nbsp; &nbsp; &nbsp; &nbsp; &nbsp;&nbsp;<\/li>\n<\/ul>\n<\/li>\n\n\n\n<li>Domiciliaci\u00f3n: Cumplimentando los datos en el formulario en papel u on-line y autorizando a la Asociaci\u00f3n a pasar anualmente un recibo por el importe de la cuota.<\/li>\n<\/ul>\n","protected":false},"excerpt":{"rendered":"<p>Instrucciones para asociarse<\/p>\n","protected":false},"author":1,"featured_media":0,"parent":0,"menu_order":0,"comment_status":"closed","ping_status":"closed","template":"","meta":{"_bbp_topic_count":0,"_bbp_reply_count":0,"_bbp_total_topic_count":0,"_bbp_total_reply_count":0,"_bbp_voice_count":0,"_bbp_anonymous_reply_count":0,"_bbp_topic_count_hidden":0,"_bbp_reply_count_hidden":0,"_bbp_forum_subforum_count":0,"ngg_post_thumbnail":0,"footnotes":""},"class_list":["post-573","page","type-page","status-publish","hentry"],"aioseo_notices":[],"_links":{"self":[{"href":"https:\/\/asociacioncmysabel.es\/index.php\/wp-json\/wp\/v2\/pages\/573","targetHints":{"allow":["GET"]}}],"collection":[{"href":"https:\/\/asociacioncmysabel.es\/index.php\/wp-json\/wp\/v2\/pages"}],"about":[{"href":"https:\/\/asociacioncmysabel.es\/index.php\/wp-json\/wp\/v2\/types\/page"}],"author":[{"embeddable":true,"href":"https:\/\/asociacioncmysabel.es\/index.php\/wp-json\/wp\/v2\/users\/1"}],"replies":[{"embeddable":true,"href":"https:\/\/asociacioncmysabel.es\/index.php\/wp-json\/wp\/v2\/comments?post=573"}],"version-history":[{"count":19,"href":"https:\/\/asociacioncmysabel.es\/index.php\/wp-json\/wp\/v2\/pages\/573\/revisions"}],"predecessor-version":[{"id":1910,"href":"https:\/\/asociacioncmysabel.es\/index.php\/wp-json\/wp\/v2\/pages\/573\/revisions\/1910"}],"wp:attachment":[{"href":"https:\/\/asociacioncmysabel.es\/index.php\/wp-json\/wp\/v2\/media?parent=573"}],"curies":[{"name":"wp","href":"https:\/\/api.w.org\/{rel}","templated":true}]}}