{"id":519,"date":"2023-03-22T18:55:02","date_gmt":"2023-03-22T18:55:02","guid":{"rendered":"https:\/\/asociacioncmysabel.es\/?page_id=519"},"modified":"2026-03-23T23:25:04","modified_gmt":"2026-03-23T22:25:04","slug":"quienes-somos","status":"publish","type":"page","link":"https:\/\/asociacioncmysabel.es\/","title":{"rendered":"Bienvenida"},"content":{"rendered":"\n<p class=\"has-text-align-left\">Esta web es un medio de participaci\u00f3n para todos los ysabelinos y de difusi\u00f3n de las distintas actividades que se programen por la Asociaci\u00f3n.<\/p>\n\n\n\n<p class=\"has-text-align-left\">Si quieres participar, este es un lugar de encuentro virtual en el que compartir proyectos y expectativas, sugerencias y ambiciones a las que se pueda dar cumplimiento en el futuro.<\/p>\n\n\n\n<figure class=\"wp-block-image size-large\"><img decoding=\"async\" src=\"https:\/\/asociacioncmysabel.es\/wp-content\/uploads\/2025\/04\/IMG_0061-scaled.jpg\" alt=\"\"\/><\/figure>\n\n\n\n<p class=\"has-text-align-left\">El pr\u00f3ximo encuentro Isabelino, el X en los once a\u00f1os de existencia de la Asociaci\u00f3n, tendr\u00e1 lugar en Ja\u00e9n, del 17 al 19 de abril de 2025. <\/p>\n\n\n\n<p class=\"has-text-align-left\">Aprovechando el Encuentro, el domingo 19 celebraremos la <a href=\"https:\/\/asociacioncmysabel.es\/index.php\/asamblea-general-extraordinaria-jaen-2026\/\" target=\"_blank\" rel=\"noopener nofollow\" title=\"\">Asamblea General Extraordinaria<\/a> para elegir a la Junta Directiva de la Asociaci\u00f3n.<\/p>\n\n\n\n<p class=\"has-text-align-left\">Pod\u00e9is consultar los detalles en la <a href=\"https:\/\/asociacioncmysabel.es\/index.php\/actividades\/x-encuentro-isabelino-jaen-2026\/\" target=\"_blank\" rel=\"noopener nofollow\" title=\"\">p\u00e1gina que hay en la secci\u00f3n de Actividades<\/a>.<\/p>\n\n\n<div class=\"ycd-all-content-wrapper ycd-countdown-content-wrapper-1286\">        <div class=\"ycd-countdown-wrapper ycd-simple-content-wrapper ycd-simple-content-wrapper-1286\">\n            <div class=\"ycd-simple-time ycd-simple-container ycd-countdown-content-wrapper ycd-simple-wrapper-1286\"\n                 data-options='{&quot;ycd-simple-enable-years&quot;:&quot;&quot;,&quot;ycd-simple-years-text&quot;:&quot;Years&quot;,&quot;ycd-simple-enable-months&quot;:&quot;checked&quot;,&quot;ycd-simple-months-text&quot;:&quot;MESES&quot;,&quot;ycd-simple-enable-days&quot;:&quot;checked&quot;,&quot;ycd-simple-days-text&quot;:&quot;D\\u00cdAS&quot;,&quot;ycd-simple-enable-hours&quot;:&quot;checked&quot;,&quot;ycd-simple-hours-text&quot;:&quot;HORAS&quot;,&quot;ycd-simple-enable-minutes&quot;:&quot;checked&quot;,&quot;ycd-simple-minutes-text&quot;:&quot;MINUTOS&quot;,&quot;ycd-simple-enable-seconds&quot;:&quot;checked&quot;,&quot;ycd-simple-seconds-text&quot;:&quot;SEGUNDOS&quot;,&quot;ycd-simple-numbers-font-size&quot;:&quot;35px&quot;,&quot;ycd-simple-numbers-font-family&quot;:&quot;inherit&quot;,&quot;ycd-simple-numbers-font-family-custom&quot;:&quot;&quot;,&quot;ycd-simple-numbers-color&quot;:&quot;&quot;,&quot;ycd-simple-numbers-margin-top&quot;:&quot;0px&quot;,&quot;ycd-simple-numbers-margin-right&quot;:&quot;0px&quot;,&quot;ycd-simple-numbers-margin-bottom&quot;:&quot;0px&quot;,&quot;ycd-simple-numbers-margin-left&quot;:&quot;0px&quot;,&quot;ycd-simple-text-font-size&quot;:&quot;12px&quot;,&quot;ycd-simple-text-font-family&quot;:&quot;inherit&quot;,&quot;ycd-simple-text-font-family-custom&quot;:&quot;&quot;,&quot;ycd-simple-text-color&quot;:&quot;&quot;,&quot;ycd-simple-text-margin-top&quot;:&quot;0px&quot;,&quot;ycd-simple-text-margin-right&quot;:&quot;0px&quot;,&quot;ycd-simple-text-margin-bottom&quot;:&quot;0px&quot;,&quot;ycd-simple-text-margin-left&quot;:&quot;0px&quot;,&quot;ycd-simple-unite-padding-top&quot;:&quot;10px&quot;,&quot;ycd-simple-unite-padding-right&quot;:&quot;10px&quot;,&quot;ycd-simple-unite-padding-bottom&quot;:&quot;10px&quot;,&quot;ycd-simple-unite-padding-left&quot;:&quot;10px&quot;,&quot;ycd-simple-unite-margin-top&quot;:&quot;0px&quot;,&quot;ycd-simple-unite-margin-right&quot;:&quot;0px&quot;,&quot;ycd-simple-unite-margin-bottom&quot;:&quot;0px&quot;,&quot;ycd-simple-unite-margin-left&quot;:&quot;0px&quot;,&quot;ycd-simple-unite-width&quot;:&quot;&quot;,&quot;ycd-simple-unite-border-width&quot;:&quot;1px&quot;,&quot;ycd-simple-unite-border-radius&quot;:&quot;10px&quot;,&quot;ycd-simple-unite-border-type&quot;:&quot;solid&quot;,&quot;ycd-simple-unite-border-color&quot;:&quot;rgba(0, 0, 0, 1)&quot;,&quot;ycd-enable-simple-double-digits&quot;:&quot;checked&quot;,&quot;ycd-simple-timer-dotes&quot;:&quot;:&quot;,&quot;ycd-simple-timer-horizontal-align&quot;:&quot;center&quot;,&quot;ycd-simple-countdown-before-countdown&quot;:&quot;\\u003Cp\\u003ETIEMPO RESTANTE\\u003C\\\/p\\u003E&quot;,&quot;ycd-simple-countdown-after-countdown&quot;:&quot;\\u003Cp\\u003E&nbsp;\\u003C\\\/p\\u003E\\r\\n\\u003Cp\\u003EPARA VERNOS EN JA\\u00c9N\\u003C\\\/p\\u003E&quot;,&quot;ycd-tr&quot;:{&quot;{translationId}&quot;:{&quot;language&quot;:&quot;af&quot;,&quot;Years&quot;:&quot;&quot;,&quot;Months&quot;:&quot;&quot;,&quot;Days&quot;:&quot;&quot;,&quot;Hours&quot;:&quot;&quot;,&quot;Minutes&quot;:&quot;&quot;,&quot;Seconds&quot;:&quot;&quot;}},&quot;ycd-type&quot;:&quot;simple&quot;,&quot;ycd-fixed-position&quot;:&quot;top_left&quot;,&quot;ycd-fixed-positions-top&quot;:&quot;0px&quot;,&quot;ycd-fixed-positions-right&quot;:&quot;0px&quot;,&quot;ycd-fixed-positions-bottom&quot;:&quot;0px&quot;,&quot;ycd-fixed-positions-left&quot;:&quot;0px&quot;,&quot;ycd-countdown-display-on&quot;:&quot;on&quot;,&quot;ycd-position-countdown&quot;:&quot;top_center&quot;,&quot;ycd-display-settings&quot;:[{&quot;key1&quot;:&quot;selected_post&quot;,&quot;key2&quot;:&quot;is&quot;,&quot;key3&quot;:[]}],&quot;ycd-countdown-date-type&quot;:&quot;dueDate&quot;,&quot;ycd-date-time-picker&quot;:&quot;2026-04-17 20:00&quot;,&quot;ycd-circle-time-zone&quot;:&quot;Europe\\\/Madrid&quot;,&quot;ycd-woo-time-zone&quot;:&quot;&quot;,&quot;ycd-woo-coupon-date&quot;:&quot;&quot;,&quot;ycd-countdown-restart-hour&quot;:&quot;1&quot;,&quot;ycd-countdown-duration-days&quot;:&quot;0&quot;,&quot;ycd-countdown-duration-hours&quot;:&quot;0&quot;,&quot;ycd-countdown-duration-minutes&quot;:&quot;0&quot;,&quot;ycd-countdown-duration-seconds&quot;:&quot;30&quot;,&quot;ycd-schedule-time-zone&quot;:&quot;&quot;,&quot;ycd-schedule-start-from&quot;:&quot;&quot;,&quot;ycd-schedule-end-to&quot;:&quot;&quot;,&quot;ycd-schedule2-time-zone&quot;:&quot;&quot;,&quot;ycd-schedule2-from&quot;:&quot;&quot;,&quot;ycd-schedule2-to&quot;:&quot;&quot;,&quot;ycd-countdown-evergreen-days&quot;:&quot;0&quot;,&quot;ycd-countdown-evergreen-hours&quot;:&quot;0&quot;,&quot;ycd-countdown-evergreen-minutes&quot;:&quot;0&quot;,&quot;ycd-countdown-evergreen-seconds&quot;:&quot;30&quot;,&quot;ycd-schedule3-time-zone&quot;:&quot;&quot;,&quot;ycd-schedule3-time&quot;:&quot;&quot;,&quot;ycd-woo-condition&quot;:&quot;disabled&quot;,&quot;ycd-countdown-start-date&quot;:&quot;2025-01-24 10:49&quot;,&quot;ycd-countdown-start-time-zone&quot;:&quot;America\\\/New_York&quot;,&quot;ycd-countdown-end-sound-url&quot;:&quot;https:\\\/\\\/asociacioncmysabel.es\\\/wp-content\\\/plugins\\\/countdown-builder\\\/lib\\\/alarm.mp3&quot;,&quot;ycd-custom-css&quot;:&quot;&quot;,&quot;ycd-custom-js&quot;:&quot;&quot;,&quot;ycd-subscribe-width&quot;:&quot;100%&quot;,&quot;ycd-form-above-text&quot;:&quot;Join Our Newsletter&quot;,&quot;ycd-form-input-text&quot;:&quot;Enter your email here&quot;,&quot;ycd-form-submit-text&quot;:&quot;Subscribe&quot;,&quot;ycd-form-submit-color&quot;:&quot;#3274d1&quot;,&quot;ycd-subscribe-success-message&quot;:&quot;Thanks for subscribing.&quot;,&quot;ycd-subscribe-error-message&quot;:&quot;Invalid email address.&quot;,&quot;ycd-countdown-expire-behavior&quot;:&quot;hideCountdown&quot;,&quot;ycd-expire-text&quot;:&quot;&quot;,&quot;ycd-expire-url&quot;:&quot;&quot;,&quot;ycd-countdown-floating-position&quot;:&quot;top_left&quot;,&quot;ycd-countdown-floating-position-top&quot;:&quot;0px&quot;,&quot;ycd-countdown-floating-position-right&quot;:&quot;0px&quot;,&quot;ycd-countdown-floating-position-bottom&quot;:&quot;0px&quot;,&quot;ycd-countdown-floating-position-left&quot;:&quot;0px&quot;,&quot;ycd-countdown-floating-text&quot;:&quot;Click&quot;,&quot;ycd-countdown-floating-close-text&quot;:&quot;Cerrar&quot;,&quot;ycd-countdown-enable-float-sound-url&quot;:&quot;https:\\\/\\\/asociacioncmysabel.es\\\/wp-content\\\/plugins\\\/countdown-builder\\\/lib\\\/click.mp3&quot;,&quot;ycd-countdown-floating-padding-top&quot;:&quot;0px&quot;,&quot;ycd-countdown-floating-padding-right&quot;:&quot;0px&quot;,&quot;ycd-countdown-floating-padding-bottom&quot;:&quot;0px&quot;,&quot;ycd-countdown-floating-padding-left&quot;:&quot;0px&quot;,&quot;ycd-countdown-floating-text-padding-top&quot;:&quot;0px&quot;,&quot;ycd-countdown-floating-text-padding-right&quot;:&quot;0px&quot;,&quot;ycd-countdown-floating-text-padding-bottom&quot;:&quot;0px&quot;,&quot;ycd-countdown-floating-text-padding-left&quot;:&quot;0px&quot;,&quot;ycd-countdown-floating-text-size&quot;:&quot;20px&quot;,&quot;ycd-countdown-floating-font-weight&quot;:&quot;normal&quot;,&quot;ycd-countdown-floating-text-color&quot;:&quot;&quot;,&quot;ycd-countdown-floating-text-bg-color&quot;:&quot;&quot;,&quot;ycd-countdown-floating-text-content-bg-color&quot;:&quot;&quot;,&quot;ycd-button-name&quot;:&quot;Buy Now&quot;,&quot;ycd-button-width&quot;:&quot;200px&quot;,&quot;ycd-button-height&quot;:&quot;50px&quot;,&quot;ycd-button-border-width&quot;:&quot;0px&quot;,&quot;ycd-button-border-types&quot;:&quot;0&quot;,&quot;ycd-button-border-radius&quot;:&quot;5&quot;,&quot;ycd-button-margin-top&quot;:&quot;0px&quot;,&quot;ycd-button-margin-right&quot;:&quot;0px&quot;,&quot;ycd-button-margin-bottom&quot;:&quot;0px&quot;,&quot;ycd-button-margin-left&quot;:&quot;0px&quot;,&quot;ycd-button-opacity&quot;:&quot;1&quot;,&quot;ycd-button-font-size&quot;:&quot;14px&quot;,&quot;ycd-button-bg-color&quot;:&quot;#4dba7a&quot;,&quot;ycd-button-color&quot;:&quot;#ffffff&quot;,&quot;ycd-button-border-color&quot;:&quot;&quot;,&quot;ycd-button-hover-animation-speed&quot;:&quot;&quot;,&quot;ycd-button-hover-bg-color&quot;:&quot;#4dba7a&quot;,&quot;ycd-button-hover-color&quot;:&quot;#ffffff&quot;,&quot;ycd-countdown-button-behavior&quot;:&quot;redirect&quot;,&quot;ycd-button-action-url&quot;:&quot;https:\\\/\\\/asociacioncmysabel.es&quot;,&quot;ycd-scroll-to-selector&quot;:&quot;&quot;,&quot;ycd-animation-speed&quot;:&quot;&quot;,&quot;ycd-download-url&quot;:&quot;&quot;,&quot;ycd-download-name&quot;:&quot;&quot;,&quot;ycd-button-copy-text&quot;:&quot;&quot;,&quot;ycd-button-alert-text&quot;:&quot;&quot;,&quot;ycd-post-id&quot;:&quot;1286&quot;,&quot;id&quot;:1286,&quot;ycd-timer-seconds&quot;:0,&quot;ycd-countdown-save-duration&quot;:&quot;&quot;,&quot;ycd-countdown-save-duration-each-user&quot;:&quot;&quot;,&quot;ycd-time-zone&quot;:&quot;Europe\\\/Madrid&quot;,&quot;ycd-countdown-restart&quot;:&quot;&quot;,&quot;ycd-count-up-from-end-date&quot;:&quot;&quot;,&quot;ycd-countdown-enable-woo-condition&quot;:&quot;&quot;,&quot;ycd-scroll-to-countdown&quot;:&quot;&quot;,&quot;isExpired&quot;:true}'\n                 data-id=\"1286\">\n                <div class=\"ycd-simple-before-countdown\"><p>TIEMPO RESTANTE<\/p><\/div>\n                        <div class=\"ycd-simple-mode-textUnderCountdown ycd-simple-mode-textUnderCountdown-1286\">                                <div class=\"ycd-simple-current-unite-wrapper ycd-simple-current-unite-years ycd-hide\">\n                    <div class=\"ycd-simple-current-unite\"><!-- -->\n\t                                            <div class=\"ycd-simple-countdown-time ycd-simple-countdown-number ycd-simple-countdown-years-time\">0<\/div><!--\n                        --><div class=\"ycd-simple-countdown-time  ycd-simple-countdown-label ycd-simple-countdown-years-label\">Years<\/div>                    <\/div> <div class=\"ycd-simple-timer-dots \">:<\/div>                 <\/div>\n                                            <div class=\"ycd-simple-current-unite-wrapper ycd-simple-current-unite-months \">\n                    <div class=\"ycd-simple-current-unite\"><!-- -->\n\t                                            <div class=\"ycd-simple-countdown-time ycd-simple-countdown-number ycd-simple-countdown-months-time\">0<\/div><!--\n                        --><div class=\"ycd-simple-countdown-time  ycd-simple-countdown-label ycd-simple-countdown-months-label\">MESES<\/div>                    <\/div> <div class=\"ycd-simple-timer-dots \">:<\/div>                 <\/div>\n                                            <div class=\"ycd-simple-current-unite-wrapper ycd-simple-current-unite-days \">\n                    <div class=\"ycd-simple-current-unite\"><!-- -->\n\t                                            <div class=\"ycd-simple-countdown-time ycd-simple-countdown-number ycd-simple-countdown-days-time\">0<\/div><!--\n                        --><div class=\"ycd-simple-countdown-time  ycd-simple-countdown-label ycd-simple-countdown-days-label\">D\u00cdAS<\/div>                    <\/div> <div class=\"ycd-simple-timer-dots \">:<\/div>                 <\/div>\n                                            <div class=\"ycd-simple-current-unite-wrapper ycd-simple-current-unite-hours \">\n                    <div class=\"ycd-simple-current-unite\"><!-- -->\n\t                                            <div class=\"ycd-simple-countdown-time ycd-simple-countdown-number ycd-simple-countdown-hours-time\">0<\/div><!--\n                        --><div class=\"ycd-simple-countdown-time  ycd-simple-countdown-label ycd-simple-countdown-hours-label\">HORAS<\/div>                    <\/div> <div class=\"ycd-simple-timer-dots \">:<\/div>                 <\/div>\n                                            <div class=\"ycd-simple-current-unite-wrapper ycd-simple-current-unite-minutes \">\n                    <div class=\"ycd-simple-current-unite\"><!-- -->\n\t                                            <div class=\"ycd-simple-countdown-time ycd-simple-countdown-number ycd-simple-countdown-minutes-time\">0<\/div><!--\n                        --><div class=\"ycd-simple-countdown-time  ycd-simple-countdown-label ycd-simple-countdown-minutes-label\">MINUTOS<\/div>                    <\/div> <div class=\"ycd-simple-timer-dots \">:<\/div>                 <\/div>\n                                            <div class=\"ycd-simple-current-unite-wrapper ycd-simple-current-unite-seconds \">\n                    <div class=\"ycd-simple-current-unite\"><!-- -->\n\t                                            <div class=\"ycd-simple-countdown-time ycd-simple-countdown-number ycd-simple-countdown-seconds-time\">0<\/div><!--\n                        --><div class=\"ycd-simple-countdown-time  ycd-simple-countdown-label ycd-simple-countdown-seconds-label\">SEGUNDOS<\/div>                    <\/div>                <\/div>\n                    <\/div>\n                        <div class=\"ycd-simple-after-countdown\"><p>&nbsp;<\/p>\r\n<p>PARA VERNOS EN JA\u00c9N<\/p><\/div>\n            <\/div>\n        <\/div>\n                <style>\n            .ycd-simple-content-wrapper-1286 .ycd-simple-countdown-number,\n            .ycd-simple-content-wrapper-1286 .ycd-simple-timer-dots {\n                font-size: 35px;\n            }\n            .ycd-simple-content-wrapper-1286 .ycd-simple-countdown-number {\n\t            margin: 0px 0px 0px 0px            }\n            .ycd-simple-content-wrapper-1286 .ycd-simple-countdown-label {\n                font-size: 12px;\n\t            margin: 0px 0px 0px 0px            }\n            .ycd-simple-content-wrapper-1286 {\n\t            text-align: center;\n            }\n                    <\/style>\n        \t\t<style>\n\t\t\t.ycd-simple-content-wrapper-1286 .ycd-simple-countdown-number,\n\t\t\t.ycd-simple-content-wrapper-1286 .ycd-simple-timer-dots{\n\t\t\t\tcolor: ;\n\t\t\t\tfont-family: inherit;\n\t\t\t}\n\t\t\t.ycd-simple-content-wrapper-1286 .ycd-simple-countdown-label {\n\t\t\t\tcolor: ;\n\t\t\t\tfont-family: inherit;\n\t\t\t}\n\t\t\t.ycd-simple-content-wrapper-1286 .ycd-simple-current-unite-wrapper {\n                margin: 0px 0px 0px 0px            }\n            .ycd-simple-content-wrapper-1286 .ycd-simple-current-unite-wrapper {\n                padding: 10px 10px 10px 10px            }\n\t\t<\/style>\n\t\t<\/div>\n\n\n\n<ul class=\"wp-block-social-links is-layout-flex wp-block-social-links-is-layout-flex\"><li class=\"wp-social-link wp-social-link-instagram  wp-block-social-link\"><a href=\"https:\/\/www.instagram.com\/antiguoscolegialesysabel\/?utm_source=qr&#038;igsh=MXUxcTRtYnM0Z2gzag%3D%3D#\" class=\"wp-block-social-link-anchor\"><svg width=\"24\" height=\"24\" viewBox=\"0 0 24 24\" version=\"1.1\" xmlns=\"http:\/\/www.w3.org\/2000\/svg\" aria-hidden=\"true\" focusable=\"false\"><path d=\"M12,4.622c2.403,0,2.688,0.009,3.637,0.052c0.877,0.04,1.354,0.187,1.671,0.31c0.42,0.163,0.72,0.358,1.035,0.673 c0.315,0.315,0.51,0.615,0.673,1.035c0.123,0.317,0.27,0.794,0.31,1.671c0.043,0.949,0.052,1.234,0.052,3.637 s-0.009,2.688-0.052,3.637c-0.04,0.877-0.187,1.354-0.31,1.671c-0.163,0.42-0.358,0.72-0.673,1.035 c-0.315,0.315-0.615,0.51-1.035,0.673c-0.317,0.123-0.794,0.27-1.671,0.31c-0.949,0.043-1.233,0.052-3.637,0.052 s-2.688-0.009-3.637-0.052c-0.877-0.04-1.354-0.187-1.671-0.31c-0.42-0.163-0.72-0.358-1.035-0.673 c-0.315-0.315-0.51-0.615-0.673-1.035c-0.123-0.317-0.27-0.794-0.31-1.671C4.631,14.688,4.622,14.403,4.622,12 s0.009-2.688,0.052-3.637c0.04-0.877,0.187-1.354,0.31-1.671c0.163-0.42,0.358-0.72,0.673-1.035 c0.315-0.315,0.615-0.51,1.035-0.673c0.317-0.123,0.794-0.27,1.671-0.31C9.312,4.631,9.597,4.622,12,4.622 M12,3 C9.556,3,9.249,3.01,8.289,3.054C7.331,3.098,6.677,3.25,6.105,3.472C5.513,3.702,5.011,4.01,4.511,4.511 c-0.5,0.5-0.808,1.002-1.038,1.594C3.25,6.677,3.098,7.331,3.054,8.289C3.01,9.249,3,9.556,3,12c0,2.444,0.01,2.751,0.054,3.711 c0.044,0.958,0.196,1.612,0.418,2.185c0.23,0.592,0.538,1.094,1.038,1.594c0.5,0.5,1.002,0.808,1.594,1.038 c0.572,0.222,1.227,0.375,2.185,0.418C9.249,20.99,9.556,21,12,21s2.751-0.01,3.711-0.054c0.958-0.044,1.612-0.196,2.185-0.418 c0.592-0.23,1.094-0.538,1.594-1.038c0.5-0.5,0.808-1.002,1.038-1.594c0.222-0.572,0.375-1.227,0.418-2.185 C20.99,14.751,21,14.444,21,12s-0.01-2.751-0.054-3.711c-0.044-0.958-0.196-1.612-0.418-2.185c-0.23-0.592-0.538-1.094-1.038-1.594 c-0.5-0.5-1.002-0.808-1.594-1.038c-0.572-0.222-1.227-0.375-2.185-0.418C14.751,3.01,14.444,3,12,3L12,3z M12,7.378 c-2.552,0-4.622,2.069-4.622,4.622S9.448,16.622,12,16.622s4.622-2.069,4.622-4.622S14.552,7.378,12,7.378z M12,15 c-1.657,0-3-1.343-3-3s1.343-3,3-3s3,1.343,3,3S13.657,15,12,15z M16.804,6.116c-0.596,0-1.08,0.484-1.08,1.08 s0.484,1.08,1.08,1.08c0.596,0,1.08-0.484,1.08-1.08S17.401,6.116,16.804,6.116z\"><\/path><\/svg><span class=\"wp-block-social-link-label screen-reader-text\">Instagram<\/span><\/a><\/li>\n\n<li class=\"wp-social-link wp-social-link-linkedin  wp-block-social-link\"><a href=\"https:\/\/www.linkedin.com\/groups\/9222104\/\" class=\"wp-block-social-link-anchor\"><svg width=\"24\" height=\"24\" viewBox=\"0 0 24 24\" version=\"1.1\" xmlns=\"http:\/\/www.w3.org\/2000\/svg\" aria-hidden=\"true\" focusable=\"false\"><path d=\"M19.7,3H4.3C3.582,3,3,3.582,3,4.3v15.4C3,20.418,3.582,21,4.3,21h15.4c0.718,0,1.3-0.582,1.3-1.3V4.3 C21,3.582,20.418,3,19.7,3z M8.339,18.338H5.667v-8.59h2.672V18.338z M7.004,8.574c-0.857,0-1.549-0.694-1.549-1.548 c0-0.855,0.691-1.548,1.549-1.548c0.854,0,1.547,0.694,1.547,1.548C8.551,7.881,7.858,8.574,7.004,8.574z M18.339,18.338h-2.669 v-4.177c0-0.996-0.017-2.278-1.387-2.278c-1.389,0-1.601,1.086-1.601,2.206v4.249h-2.667v-8.59h2.559v1.174h0.037 c0.356-0.675,1.227-1.387,2.526-1.387c2.703,0,3.203,1.779,3.203,4.092V18.338z\"><\/path><\/svg><span class=\"wp-block-social-link-label screen-reader-text\">LinkedIn<\/span><\/a><\/li>\n\n\n\n<li class=\"wp-social-link wp-social-link-youtube  wp-block-social-link\"><a href=\"https:\/\/www.youtube.com\/channel\/UC08FK1KbkKwF0MpuUk1an5A\" class=\"wp-block-social-link-anchor\"><svg width=\"24\" height=\"24\" viewBox=\"0 0 24 24\" version=\"1.1\" xmlns=\"http:\/\/www.w3.org\/2000\/svg\" aria-hidden=\"true\" focusable=\"false\"><path d=\"M21.8,8.001c0,0-0.195-1.378-0.795-1.985c-0.76-0.797-1.613-0.801-2.004-0.847c-2.799-0.202-6.997-0.202-6.997-0.202 h-0.009c0,0-4.198,0-6.997,0.202C4.608,5.216,3.756,5.22,2.995,6.016C2.395,6.623,2.2,8.001,2.2,8.001S2,9.62,2,11.238v1.517 c0,1.618,0.2,3.237,0.2,3.237s0.195,1.378,0.795,1.985c0.761,0.797,1.76,0.771,2.205,0.855c1.6,0.153,6.8,0.201,6.8,0.201 s4.203-0.006,7.001-0.209c0.391-0.047,1.243-0.051,2.004-0.847c0.6-0.607,0.795-1.985,0.795-1.985s0.2-1.618,0.2-3.237v-1.517 C22,9.62,21.8,8.001,21.8,8.001z M9.935,14.594l-0.001-5.62l5.404,2.82L9.935,14.594z\"><\/path><\/svg><span class=\"wp-block-social-link-label screen-reader-text\">YouTube<\/span><\/a><\/li><\/ul>\n\n\n<ul class=\"wp-block-latest-posts__list wp-block-latest-posts\"><li><a class=\"wp-block-latest-posts__post-title\" href=\"https:\/\/asociacioncmysabel.es\/index.php\/2025\/12\/04\/cambio-de-numero-de-cuenta\/\">CAMBIO DE N\u00daMERO DE CUENTA CORRIENTE BANCARIA<\/a><\/li>\n<\/ul>","protected":false},"excerpt":{"rendered":"<p>Esta web es un medio de participaci\u00f3n para todos los ysabelinos y de difusi\u00f3n de las distintas actividades que se programen por la Asociaci\u00f3n. Si quieres participar, este es un lugar de encuentro virtual en el que compartir proyectos y &hellip; <\/p>\n","protected":false},"author":1,"featured_media":0,"parent":0,"menu_order":0,"comment_status":"closed","ping_status":"closed","template":"template-home.php","meta":{"_bbp_topic_count":0,"_bbp_reply_count":0,"_bbp_total_topic_count":0,"_bbp_total_reply_count":0,"_bbp_voice_count":0,"_bbp_anonymous_reply_count":0,"_bbp_topic_count_hidden":0,"_bbp_reply_count_hidden":0,"_bbp_forum_subforum_count":0,"ngg_post_thumbnail":0,"footnotes":""},"class_list":["post-519","page","type-page","status-publish","hentry"],"aioseo_notices":[],"_links":{"self":[{"href":"https:\/\/asociacioncmysabel.es\/index.php\/wp-json\/wp\/v2\/pages\/519","targetHints":{"allow":["GET"]}}],"collection":[{"href":"https:\/\/asociacioncmysabel.es\/index.php\/wp-json\/wp\/v2\/pages"}],"about":[{"href":"https:\/\/asociacioncmysabel.es\/index.php\/wp-json\/wp\/v2\/types\/page"}],"author":[{"embeddable":true,"href":"https:\/\/asociacioncmysabel.es\/index.php\/wp-json\/wp\/v2\/users\/1"}],"replies":[{"embeddable":true,"href":"https:\/\/asociacioncmysabel.es\/index.php\/wp-json\/wp\/v2\/comments?post=519"}],"version-history":[{"count":47,"href":"https:\/\/asociacioncmysabel.es\/index.php\/wp-json\/wp\/v2\/pages\/519\/revisions"}],"predecessor-version":[{"id":1922,"href":"https:\/\/asociacioncmysabel.es\/index.php\/wp-json\/wp\/v2\/pages\/519\/revisions\/1922"}],"wp:attachment":[{"href":"https:\/\/asociacioncmysabel.es\/index.php\/wp-json\/wp\/v2\/media?parent=519"}],"curies":[{"name":"wp","href":"https:\/\/api.w.org\/{rel}","templated":true}]}}