{"id":1916,"date":"2026-03-23T23:18:28","date_gmt":"2026-03-23T22:18:28","guid":{"rendered":"https:\/\/asociacioncmysabel.es\/?page_id=1916"},"modified":"2026-04-20T21:54:36","modified_gmt":"2026-04-20T20:54:36","slug":"asamblea-general-extraordinaria-jaen-2026","status":"publish","type":"page","link":"https:\/\/asociacioncmysabel.es\/index.php\/asamblea-general-extraordinaria-jaen-2026\/","title":{"rendered":"Asamblea General Extraordinaria &#8211; Ja\u00e9n 2026"},"content":{"rendered":"\n<h2 class=\"wp-block-heading\">Resumen tras su celebraci\u00f3n<\/h2>\n\n\n\n<p class=\"has-text-align-left\">Por acuerdo de la Junta Directiva <a href=\"https:\/\/asociacioncmysabel.es\/wp-content\/uploads\/2026\/03\/CONVOCATORIA-ASAMBLEA-GRAL-EXTRAORDINARIA-19_04_2026-JAEN.pdf\" target=\"_blank\" rel=\"noopener nofollow\" title=\"\">se convoc\u00f3 a los socios\/asociados a la Asamblea General Extraordinaria<\/a> que se celebr\u00f3 el pasado domingo, d\u00eda 19 de abril de 2026, a las 12:00 horas, en segunda convocatoria, en el Sal\u00f3n de Actos del Hotel Condestable Iranzo, situado en el Paseo de la Estaci\u00f3n n\u00ba 32 de (23008) Ja\u00e9n capital, con el siguiente Orden del D\u00eda:<\/p>\n\n\n\n<ul class=\"wp-block-list\">\n<li>Punto \u00fanico: Renovaci\u00f3n de la Junta Directiva de la Asociaci\u00f3n.<\/li>\n<\/ul>\n\n\n\n<p class=\"has-text-align-left\">Seg\u00fan establecen los art\u00edculos 11 y 17 de los Estatutos de la Asociaci\u00f3n, el plazo para presentar las candidaturas termin\u00f3 15 d\u00edas naturales antes de la celebraci\u00f3n de la Asamblea General Extraordinaria.<br>Una vez finalizado el plazo de presentaci\u00f3n de candidaturas, el 6 de abril de 2026 <a href=\"https:\/\/asociacioncmysabel.es\/wp-content\/uploads\/2026\/04\/ASOCIACION-COLEGIALES-y-ANTIGUOS-COLEGIALES-DEL-C-M-YSABEL-LA-CATOLICA-PROCLAMACION-DEFINITIVA-DE-CANDIDATOS-NUEVA-JUNTA-DIRECTIVA-19-4-2026.-JAEN-CAPITAL.pdf\" target=\"_blank\" rel=\"noopener nofollow\" title=\"\">se procedi\u00f3 a proclamar las candidaturas<\/a>.<\/p>\n\n\n\n<figure class=\"wp-block-image size-large\"><img decoding=\"async\" src=\"https:\/\/asociacioncmysabel.es\/wp-content\/uploads\/2026\/04\/Asamblea-General-Extraordinaria-Jaen-2026-1024x577.jpeg\" alt=\"Votaciones en Asamblea General Extraordinaria ACCMY - Ja\u00e9n 2026\" class=\"wp-image-1973\"\/><\/figure>\n\n\n\n<p class=\"has-text-align-left\">Seg\u00fan el calendario y horario previsto, reunidos los asistentes a la Asamblea se procedi\u00f3 a constituir la mesa de edad con D. Alberto Ramos Comenzana, como miembro de mayor edad, D. Miguel Caffarena Crespo, como miembro de menor edad, y, como Secretario de la Asamblea, el Secretario en funciones de la Asociaci\u00f3n D. Eladio Jos\u00e9 Aparicio Carrillo.<\/p>\n\n\n\n<p>Una vez revisadas las delegaciones de voto y depositados los votos de los asistentes se procedi\u00f3 al recuento de las papeletas. Finalizada la revisi\u00f3n y con acuerdo de los miembros de la Mesa, se firm\u00f3 la correspondiente acta que levant\u00f3 el Sr. Secretario. <\/p>\n\n\n\n<p>A continuaci\u00f3n se hace p\u00fablica la <a href=\"https:\/\/asociacioncmysabel.es\/wp-content\/uploads\/2026\/04\/Proclamacion-miembros-Junta-Directiva-ACCMY.pdf\" target=\"_blank\" rel=\"noopener nofollow\" title=\"\">proclamaci\u00f3n de los miembros de la Nueva Junta Directiva de esta Asociaci\u00f3n<\/a>.<\/p>\n\n\n\n","protected":false},"excerpt":{"rendered":"<p>Resumen tras su celebraci\u00f3n Por acuerdo de la Junta Directiva se convoc\u00f3 a los socios\/asociados a la Asamblea General Extraordinaria que se celebr\u00f3 el pasado domingo, d\u00eda 19 de abril de 2026, a las 12:00 horas, en segunda convocatoria, en &hellip; <\/p>\n","protected":false},"author":2,"featured_media":0,"parent":0,"menu_order":0,"comment_status":"closed","ping_status":"closed","template":"","meta":{"_bbp_topic_count":0,"_bbp_reply_count":0,"_bbp_total_topic_count":0,"_bbp_total_reply_count":0,"_bbp_voice_count":0,"_bbp_anonymous_reply_count":0,"_bbp_topic_count_hidden":0,"_bbp_reply_count_hidden":0,"_bbp_forum_subforum_count":0,"ngg_post_thumbnail":0,"footnotes":""},"class_list":["post-1916","page","type-page","status-publish","hentry"],"aioseo_notices":[],"_links":{"self":[{"href":"https:\/\/asociacioncmysabel.es\/index.php\/wp-json\/wp\/v2\/pages\/1916","targetHints":{"allow":["GET"]}}],"collection":[{"href":"https:\/\/asociacioncmysabel.es\/index.php\/wp-json\/wp\/v2\/pages"}],"about":[{"href":"https:\/\/asociacioncmysabel.es\/index.php\/wp-json\/wp\/v2\/types\/page"}],"author":[{"embeddable":true,"href":"https:\/\/asociacioncmysabel.es\/index.php\/wp-json\/wp\/v2\/users\/2"}],"replies":[{"embeddable":true,"href":"https:\/\/asociacioncmysabel.es\/index.php\/wp-json\/wp\/v2\/comments?post=1916"}],"version-history":[{"count":8,"href":"https:\/\/asociacioncmysabel.es\/index.php\/wp-json\/wp\/v2\/pages\/1916\/revisions"}],"predecessor-version":[{"id":1977,"href":"https:\/\/asociacioncmysabel.es\/index.php\/wp-json\/wp\/v2\/pages\/1916\/revisions\/1977"}],"wp:attachment":[{"href":"https:\/\/asociacioncmysabel.es\/index.php\/wp-json\/wp\/v2\/media?parent=1916"}],"curies":[{"name":"wp","href":"https:\/\/api.w.org\/{rel}","templated":true}]}}