{"id":1318,"date":"2025-01-26T23:28:29","date_gmt":"2025-01-26T22:28:29","guid":{"rendered":"https:\/\/asociacioncmysabel.es\/?page_id=1318"},"modified":"2025-01-28T15:45:37","modified_gmt":"2025-01-28T14:45:37","slug":"carmina-burana-revista-literaria","status":"publish","type":"page","link":"https:\/\/asociacioncmysabel.es\/index.php\/carmina-burana-revista-literaria\/","title":{"rendered":"CARMINA BURANA &#8211; Revista literaria"},"content":{"rendered":"\n<h2 class=\"wp-block-heading\">Una revista literaria de estudiantes como actividad becada<\/h2>\n\n\n\n<p>CARMINA BURANA materializa, en el curso 1989-1990, el proyecto que presenta el colegial <a href=\"https:\/\/www.ugr.es\/personal\/miguel-angel-garcia-garcia\" target=\"_blank\" rel=\"noopener\" title=\"\">Miguel \u00c1ngel Garc\u00eda Garc\u00eda<\/a> dentro de las Becas de Colegio Mayor, propias de la Universidad de Granada.<\/p>\n\n\n\n<figure class=\"wp-block-image size-large\"><img decoding=\"async\" src=\"https:\/\/asociacioncmysabel.es\/wp-content\/uploads\/2025\/01\/Carmina-Burana-portadas-e1737928207274.jpg\" alt=\"\"\/><\/figure>\n\n\n\n<p>El n\u00famero 0 sali\u00f3 en mayo de 1990 y el \u00faltimo (4\u00ba seg\u00fan numeraci\u00f3n de la publicaci\u00f3n) en 1993. Tras la salida, al licenciarse, del Mayor de Miguel \u00c1ngel no se continu\u00f3 con esta publicaci\u00f3n.<\/p>\n\n\n\n<p>En los n\u00fameros de la revista colaboraron compa\u00f1eros de universidad (como Manuel Lara Cantizani, Meli L\u00f3pez Carmona o Hector Garc\u00eda Romero) y tambi\u00e9n profesores como Luis Garc\u00eda Montero, Juan Alfredo Bell\u00f3n, Miguel D&#8217;Ors, Elena Mart\u00edn Vivaldi o Antonio Carvajal.<\/p>\n\n\n\n<h2 class=\"wp-block-heading\">T\u00edtulo y alusiones<\/h2>\n\n\n\n<p>El t\u00edtulo hace referencia a una colecci\u00f3n de cantos de los siglos XII y XIII en el monasterio de Beuern (Bura en lat\u00edn). Algunos de estos cantos fueron utilizados por el compositor Carl Off en su composici\u00f3n hom\u00f3nima. Los autores de los c\u00e1nticos, denominados <em>goliardos<\/em>, fueron cl\u00e9rigos errantes y estudiantes pobres, que empezaron a acudir a las ciudades con el auge de las universidades.<\/p>\n\n\n\n<p>Es, precisamente, esta conexi\u00f3n la que se invoca en el t\u00edtulo al pretender ser la revista un medio de difusi\u00f3n de los escritos de estudiantes (aunque tambi\u00e9n de profesores). Igualmente es frecuente el uso del t\u00e9rmino goliardo dentro de los textos publicados en las revistas que enlazamos abajo.<\/p>\n\n\n\n<h2 class=\"wp-block-heading\">Procesos t\u00e9cnicos asociados<\/h2>\n\n\n\n<p>Inicialmente, Manuel L\u00f3pez Mu\u00f1oz (subdirector-Secretario fallecido hace unos a\u00f1os) colabor\u00f3 en la maquetaci\u00f3n digital usando medios del Colegio, como un procesador de textos StarOffice que se ejecutaba en un Amstrad PCW8512. Los originales digitales se pasaron a papel con una impresora matricial de 9 agujas. La reproducci\u00f3n en <em>offset<\/em> la llev\u00f3 a cabo el Servicio de Reprograf\u00eda dependiente del Vicerrectorado de Extensi\u00f3n Universitaria. Los \u00faltimos n\u00fameros contaron con financiaci\u00f3n externa que posibilit\u00f3 la maquetaci\u00f3n e impresi\u00f3n profesional.<\/p>\n\n\n\n<p>La digitalizaci\u00f3n se ha hecho a partir de ejemplares publicados, encuadernados con grapas, lo que dificulta la alineaci\u00f3n de las p\u00e1ginas, por lo que se han recortado y rotado las im\u00e1genes obtenidas y eliminado p\u00e1ginas en blanco. Las p\u00e1ginas con contenido han sido procesadas mediante OCR para hacerlas accesibles. El formato de los ficheros es PDF-A. <\/p>\n\n\n\n<p>El copyright corresponde a los autores de los textos y no se permite la reproducci\u00f3n ni uso sin su autorizaci\u00f3n.<\/p>\n\n\n\n<h2 class=\"wp-block-heading\">Enlace a n\u00fameros digitalizados<\/h2>\n\n\n\n<ul class=\"wp-block-list\">\n<li><a href=\"https:\/\/asociacioncmysabel.es\/wp-content\/uploads\/2025\/01\/Carmina-Burana-0.pdf\" target=\"_blank\" rel=\"noopener\" title=\"\">N\u00famero 0 &#8211; <\/a><a href=\"https:\/\/asociacioncmysabel.es\/wp-content\/uploads\/2025\/01\/Carmina-Burana-0.pdf\" target=\"_blank\" rel=\"noopener\" title=\"Abrir PDF Carmina Burana 0 en nueva pesta\u00f1a\">Mayo <\/a><a href=\"https:\/\/asociacioncmysabel.es\/wp-content\/uploads\/2025\/01\/Carmina-Burana-0.pdf\" target=\"_blank\" rel=\"noopener\" title=\"\">1990<\/a><\/li>\n\n\n\n<li>N\u00famero 1<\/li>\n\n\n\n<li><a href=\"https:\/\/asociacioncmysabel.es\/wp-content\/uploads\/2025\/01\/Carmina-Burana-2.pdf\" target=\"_blank\" rel=\"noopener\" title=\"\">N\u00famero 2 &#8211; Enero 1992<\/a><\/li>\n\n\n\n<li>N\u00famero 3<\/li>\n\n\n\n<li>N\u00famero 4 <\/li>\n<\/ul>\n","protected":false},"excerpt":{"rendered":"<p>Una revista literaria de estudiantes como actividad becada CARMINA BURANA materializa, en el curso 1989-1990, el proyecto que presenta el colegial Miguel \u00c1ngel Garc\u00eda Garc\u00eda dentro de las Becas de Colegio Mayor, propias de la Universidad de Granada. El n\u00famero &hellip; <\/p>\n","protected":false},"author":2,"featured_media":0,"parent":0,"menu_order":3,"comment_status":"closed","ping_status":"closed","template":"","meta":{"_bbp_topic_count":0,"_bbp_reply_count":0,"_bbp_total_topic_count":0,"_bbp_total_reply_count":0,"_bbp_voice_count":0,"_bbp_anonymous_reply_count":0,"_bbp_topic_count_hidden":0,"_bbp_reply_count_hidden":0,"_bbp_forum_subforum_count":0,"ngg_post_thumbnail":0,"footnotes":""},"class_list":["post-1318","page","type-page","status-publish","hentry"],"aioseo_notices":[],"_links":{"self":[{"href":"https:\/\/asociacioncmysabel.es\/index.php\/wp-json\/wp\/v2\/pages\/1318","targetHints":{"allow":["GET"]}}],"collection":[{"href":"https:\/\/asociacioncmysabel.es\/index.php\/wp-json\/wp\/v2\/pages"}],"about":[{"href":"https:\/\/asociacioncmysabel.es\/index.php\/wp-json\/wp\/v2\/types\/page"}],"author":[{"embeddable":true,"href":"https:\/\/asociacioncmysabel.es\/index.php\/wp-json\/wp\/v2\/users\/2"}],"replies":[{"embeddable":true,"href":"https:\/\/asociacioncmysabel.es\/index.php\/wp-json\/wp\/v2\/comments?post=1318"}],"version-history":[{"count":6,"href":"https:\/\/asociacioncmysabel.es\/index.php\/wp-json\/wp\/v2\/pages\/1318\/revisions"}],"predecessor-version":[{"id":1334,"href":"https:\/\/asociacioncmysabel.es\/index.php\/wp-json\/wp\/v2\/pages\/1318\/revisions\/1334"}],"wp:attachment":[{"href":"https:\/\/asociacioncmysabel.es\/index.php\/wp-json\/wp\/v2\/media?parent=1318"}],"curies":[{"name":"wp","href":"https:\/\/api.w.org\/{rel}","templated":true}]}}