{"id":1252,"date":"2024-12-16T14:49:19","date_gmt":"2024-12-16T13:49:19","guid":{"rendered":"https:\/\/asociacioncmysabel.es\/?page_id=1252"},"modified":"2025-10-14T09:08:34","modified_gmt":"2025-10-14T08:08:34","slug":"actividades","status":"publish","type":"page","link":"https:\/\/asociacioncmysabel.es\/index.php\/actividades\/","title":{"rendered":"Actividades"},"content":{"rendered":"\n<p>Dentro del fomento del contacto de los Colegiales y Antiguos Colegiales se realizan actividades de convivencia, en el mayor, y en destinos fuera de Granada.<\/p>\n\n\n\n<h2 class=\"wp-block-heading has-vivid-cyan-blue-color has-text-color has-link-color wp-elements-45177710889e0e9a6efb0f6e36ab2006\">Asambleas<\/h2>\n\n\n\n<p>Anualmente, se celebra la Asamblea General Ordinara en la que que el Presidente y la Junta de Gobierno rinden cuentas de su actuaci\u00f3n y se aprueban las l\u00edneas de actuaci\u00f3n para el a\u00f1o siguiente. Como adici\u00f3n puede haber Asambleas Generales Extraordinarias<\/p>\n\n\n\n<p>PR\u00d3XIMA ASAMBLEA GENERAL &#8211; GRANADA, 25 de octubre<\/p>\n\n\n\n<p><a href=\"https:\/\/asociacioncmysabel.es\/index.php\/asamblea-general-2024\/\" target=\"_blank\" rel=\"noopener\" title=\"Asamblea General 2024 - octubre 26\">Asamblea General 2024 &#8211; Granada, 26 de octubre<\/a><\/p>\n\n\n\n<h2 class=\"wp-block-heading has-vivid-cyan-blue-color has-text-color has-link-color wp-elements-394fa74b7c0e724cb9d0dce721178f1b\">Encuentros<\/h2>\n\n\n\n<p><a href=\"https:\/\/asociacioncmysabel.es\/index.php\/actividades\/x-encuentro-ysabelino\/\" target=\"_blank\" rel=\"noopener nofollow\" title=\"\">X Encuentro Ysabelino<\/a> &#8211; Ja\u00e9n, del 17 al 19 de abril de 2026<\/p>\n\n\n\n<p><a href=\"https:\/\/asociacioncmysabel.es\/index.php\/actividades\/ix-encuentro-ysabelino\/\" target=\"_blank\" rel=\"noopener nofollow\" title=\"\">IX Encuentro Ysabelino<\/a> &#8211; Granada, 4, 5 Y 6 de abril de 2025<\/p>\n\n\n\n<p><a href=\"https:\/\/asociacioncmysabel.es\/index.php\/encuentros\/\" target=\"_blank\" rel=\"noopener\" title=\"VIII ENCUENTRO YSABELINO - CARTAGENA\">VIII ENCUENTRO YSABELINO &#8211; CARTAGENA<\/a><\/p>\n\n\n\n<p>VII ENCUENTRO YSABELINO &#8211; T\u00c1NGER<\/p>\n\n\n\n<p><\/p>\n\n\n\n<h2 class=\"wp-block-heading has-vivid-cyan-blue-color has-text-color has-link-color wp-elements-02da954b95dd1090f8d09a18a19e7ad6\">Vinculaci\u00f3n con la UGR<\/h2>\n\n\n\n<p>Las actividades de la Asociaci\u00f3n se benefician de las ventajas del programa \u00abAlumni\u00bb de la Universidad de Granada, si est\u00e1s interesado sigues las <a href=\"https:\/\/asociacioncmysabel.es\/index.php\/alumni-ugr\/\" target=\"_blank\" rel=\"noopener\" title=\"instrucciones que damos en la p\u00e1gina ALUMNI UGR\">instrucciones que damos en la p\u00e1gina ALUMNI UGR<\/a><\/p>\n","protected":false},"excerpt":{"rendered":"<p>Dentro del fomento del contacto de los Colegiales y Antiguos Colegiales se realizan actividades de convivencia, en el mayor, y en destinos fuera de Granada. Asambleas Anualmente, se celebra la Asamblea General Ordinara en la que que el Presidente y &hellip; <\/p>\n","protected":false},"author":2,"featured_media":0,"parent":0,"menu_order":1,"comment_status":"closed","ping_status":"closed","template":"","meta":{"_bbp_topic_count":0,"_bbp_reply_count":0,"_bbp_total_topic_count":0,"_bbp_total_reply_count":0,"_bbp_voice_count":0,"_bbp_anonymous_reply_count":0,"_bbp_topic_count_hidden":0,"_bbp_reply_count_hidden":0,"_bbp_forum_subforum_count":0,"ngg_post_thumbnail":0,"footnotes":""},"class_list":["post-1252","page","type-page","status-publish","hentry"],"aioseo_notices":[],"_links":{"self":[{"href":"https:\/\/asociacioncmysabel.es\/index.php\/wp-json\/wp\/v2\/pages\/1252","targetHints":{"allow":["GET"]}}],"collection":[{"href":"https:\/\/asociacioncmysabel.es\/index.php\/wp-json\/wp\/v2\/pages"}],"about":[{"href":"https:\/\/asociacioncmysabel.es\/index.php\/wp-json\/wp\/v2\/types\/page"}],"author":[{"embeddable":true,"href":"https:\/\/asociacioncmysabel.es\/index.php\/wp-json\/wp\/v2\/users\/2"}],"replies":[{"embeddable":true,"href":"https:\/\/asociacioncmysabel.es\/index.php\/wp-json\/wp\/v2\/comments?post=1252"}],"version-history":[{"count":4,"href":"https:\/\/asociacioncmysabel.es\/index.php\/wp-json\/wp\/v2\/pages\/1252\/revisions"}],"predecessor-version":[{"id":1786,"href":"https:\/\/asociacioncmysabel.es\/index.php\/wp-json\/wp\/v2\/pages\/1252\/revisions\/1786"}],"wp:attachment":[{"href":"https:\/\/asociacioncmysabel.es\/index.php\/wp-json\/wp\/v2\/media?parent=1252"}],"curies":[{"name":"wp","href":"https:\/\/api.w.org\/{rel}","templated":true}]}}