{"id":1228,"date":"2024-12-01T01:16:28","date_gmt":"2024-12-01T00:16:28","guid":{"rendered":"https:\/\/asociacioncmysabel.es\/?page_id=1228"},"modified":"2025-01-26T18:59:55","modified_gmt":"2025-01-26T17:59:55","slug":"gaceta-ysabelina","status":"publish","type":"page","link":"https:\/\/asociacioncmysabel.es\/index.php\/gaceta-ysabelina\/","title":{"rendered":"Gaceta Ysabelina"},"content":{"rendered":"\n<p>Publicaci\u00f3n peri\u00f3dica continuadora de otras iniciativas anteriores como Papeles Universitarios o el Fancine Symulacro 19.<\/p>\n\n\n\n<p><a href=\"https:\/\/asociacioncmysabel.es\/wp-content\/uploads\/2024\/12\/Gaceta-Ysabelina-2006.pdf\" target=\"_blank\" rel=\"noopener nofollow\" title=\"\">A\u00f1o I &#8211; N\u00famero 1 &#8211; noviembre 2006<\/a><\/p>\n\n\n\n<p><a href=\"https:\/\/asociacioncmysabel.es\/wp-content\/uploads\/2024\/12\/Gaceta-Ysabelina-2011.pdf\" target=\"_blank\" rel=\"noopener nofollow\" title=\"A\u00f1o VII - N\u00famero 1 - Noviembre 2011\">A\u00f1o VII &#8211; N\u00famero 1 &#8211; marzo 2011<\/a><\/p>\n\n\n\n<p><\/p>\n","protected":false},"excerpt":{"rendered":"<p>Publicaci\u00f3n peri\u00f3dica continuadora de otras iniciativas anteriores como Papeles Universitarios o el Fancine Symulacro 19. A\u00f1o I &#8211; N\u00famero 1 &#8211; noviembre 2006 A\u00f1o VII &#8211; N\u00famero 1 &#8211; marzo 2011<\/p>\n","protected":false},"author":2,"featured_media":0,"parent":0,"menu_order":3,"comment_status":"closed","ping_status":"closed","template":"","meta":{"_bbp_topic_count":0,"_bbp_reply_count":0,"_bbp_total_topic_count":0,"_bbp_total_reply_count":0,"_bbp_voice_count":0,"_bbp_anonymous_reply_count":0,"_bbp_topic_count_hidden":0,"_bbp_reply_count_hidden":0,"_bbp_forum_subforum_count":0,"ngg_post_thumbnail":0,"footnotes":""},"class_list":["post-1228","page","type-page","status-publish","hentry"],"aioseo_notices":[],"_links":{"self":[{"href":"https:\/\/asociacioncmysabel.es\/index.php\/wp-json\/wp\/v2\/pages\/1228","targetHints":{"allow":["GET"]}}],"collection":[{"href":"https:\/\/asociacioncmysabel.es\/index.php\/wp-json\/wp\/v2\/pages"}],"about":[{"href":"https:\/\/asociacioncmysabel.es\/index.php\/wp-json\/wp\/v2\/types\/page"}],"author":[{"embeddable":true,"href":"https:\/\/asociacioncmysabel.es\/index.php\/wp-json\/wp\/v2\/users\/2"}],"replies":[{"embeddable":true,"href":"https:\/\/asociacioncmysabel.es\/index.php\/wp-json\/wp\/v2\/comments?post=1228"}],"version-history":[{"count":1,"href":"https:\/\/asociacioncmysabel.es\/index.php\/wp-json\/wp\/v2\/pages\/1228\/revisions"}],"predecessor-version":[{"id":1229,"href":"https:\/\/asociacioncmysabel.es\/index.php\/wp-json\/wp\/v2\/pages\/1228\/revisions\/1229"}],"wp:attachment":[{"href":"https:\/\/asociacioncmysabel.es\/index.php\/wp-json\/wp\/v2\/media?parent=1228"}],"curies":[{"name":"wp","href":"https:\/\/api.w.org\/{rel}","templated":true}]}}